{"id":2,"date":"2009-11-05T22:14:24","date_gmt":"2009-11-05T21:14:24","guid":{"rendered":"http:\/\/agile.sk\/?page_id=2"},"modified":"2013-04-10T10:42:09","modified_gmt":"2013-04-10T08:42:09","slug":"about","status":"publish","type":"page","link":"https:\/\/agile.sk\/?page_id=2","title":{"rendered":"O Agile@Slovakia"},"content":{"rendered":"<p><img loading=\"lazy\" decoding=\"async\" class=\"alignleft size-full wp-image-140\" title=\"Agile@sk\" src=\"http:\/\/agile.sk\/wp-content\/uploads\/2009\/11\/Agile@sk.png\" alt=\"Agile@sk\" width=\"317\" height=\"116\" \/> je skupinou \u013eud\u00ed, ktor\u00ed h\u013eadali inform\u00e1cie o agiln\u00fdch technik\u00e1ch a v slovensk\u00fdch vod\u00e1ch na\u0161li len m\u00e1lo.<\/p>\n<p>Sme skupina \u013eud\u00ed, ktor\u00ed akt\u00edvne pou\u017e\u00edvaj\u00fa Scrum, TDD, Lean a sna\u017eia sa pom\u00e1ha\u0165 s ich\u00a0zav\u00e1dzan\u00edm.<\/p>\n<p>Skupina je otvorenou skupinou. Sta\u0148te sa jedn\u00fdm z n\u00e1s.<\/p>\n<p><strong> <\/strong><\/p>\n<p><strong>Cie\u013eom<\/strong> Agile@Slovakia je akt\u00edvne podporova\u0165 pou\u017e\u00edvanie agiln\u00fdch techn\u00edk v praktickom \u017eivote a to nielen prezent\u00e1ciami, ale aj\u00a0 pomocou pri pou\u017e\u00edvan\u00ed formou neform\u00e1lnych stretnut\u00ed, semin\u00e1rov a v neposlednom rade aj mentoringom, resp. kou\u010dingom.<\/p>\n<p><strong>Zakladatelia<\/strong><\/p>\n<p><img loading=\"lazy\" decoding=\"async\" class=\"size-full wp-image-52 alignleft\" title=\"Kocurek_Dusan\" src=\"http:\/\/agile.sk\/wp-content\/uploads\/2009\/11\/Kocurek_Dusan.png\" alt=\"Kocurek_Dusan\" width=\"62\" height=\"61\" \/><a href=\"http:\/\/diderhouse.spaces.live.com\/\"><strong>Du\u0161an Koc\u00farek<\/strong><\/a><\/p>\n<p><a href=\"http:\/\/www.scrumdesk.com\">ScrumDesk<\/a><\/p>\n<p>Agile Coach, \u00a0Certified Scrum Product Owner, \u010dlen Scrum Alliance<\/p>\n<p><img loading=\"lazy\" decoding=\"async\" class=\"alignleft size-full wp-image-138\" title=\"TkacikMarian\" src=\"http:\/\/agile.sk\/wp-content\/uploads\/2009\/12\/TkacikMarian.jpg\" alt=\"TkacikMarian\" width=\"59\" height=\"76\" \/><strong>Marian Tk\u00e1\u010dik<\/strong><\/p>\n<p><a href=\"http:\/\/www.torin.sk\/\" target=\"_blank\">Torin &#8211; Your IT Partner !<\/a>, <a href=\"http:\/\/www.scrumdesk.com\">ScrumDesk<\/a>,<\/p>\n<p>Certified Scrum Product Owner, \u010dlen Scrum Alliance<\/p>\n<p><img loading=\"lazy\" decoding=\"async\" class=\"alignleft size-full wp-image-135\" title=\"Marian_Skalsky\" src=\"http:\/\/agile.sk\/wp-content\/uploads\/2009\/12\/Marian_Skalsky.JPG\" alt=\"Marian_Skalsky\" width=\"60\" height=\"72\" \/><strong> <\/strong><\/p>\n<p><strong><strong>Marian Skalsk\u00fd<\/strong><\/p>\n<p><a href=\"http:\/\/www.eea.sk\" target=\"_blank\">EEA communication solution<\/a><\/p>\n<p>Certified Scrum Master, \u010dlen Scrum Alliance<\/strong><\/p>\n<p><strong> <\/strong><\/p>\n<p><strong> <\/strong><\/p>\n\n<!-- Facebook Like Button v1.9.6 BEGIN [http:\/\/blog.bottomlessinc.com] -->\n<iframe src=\"http:\/\/www.facebook.com\/plugins\/like.php?href=https%3A%2F%2Fagile.sk%2F%3Fpage_id%3D2&amp;layout=standard&amp;show_faces=false&amp;width=450&amp;action=like&amp;colorscheme=light\" scrolling=\"no\" frameborder=\"0\" allowTransparency=\"true\" style=\"border:none; overflow:hidden; width:450px; height: 30px; align: left; margin: 20px 0px 2px 0px\"><\/iframe>\n<!-- Facebook Like Button END -->\n","protected":false},"excerpt":{"rendered":"<p>je skupinou \u013eud\u00ed, ktor\u00ed h\u013eadali inform\u00e1cie o agiln\u00fdch technik\u00e1ch a v slovensk\u00fdch vod\u00e1ch na\u0161li len m\u00e1lo. Sme skupina \u013eud\u00ed, ktor\u00ed akt\u00edvne pou\u017e\u00edvaj\u00fa Scrum, TDD, Lean a sna\u017eia sa pom\u00e1ha\u0165 s ich\u00a0zav\u00e1dzan\u00edm. Skupina je otvorenou skupinou. Sta\u0148te sa jedn\u00fdm z n\u00e1s. Cie\u013eom Agile@Slovakia je akt\u00edvne podporova\u0165 pou\u017e\u00edvanie agiln\u00fdch techn\u00edk v praktickom \u017eivote a to nielen prezent\u00e1ciami, [&hellip;]<\/p>\n","protected":false},"author":1,"featured_media":0,"parent":0,"menu_order":5,"comment_status":"closed","ping_status":"closed","template":"","meta":{"footnotes":""},"_links":{"self":[{"href":"https:\/\/agile.sk\/index.php?rest_route=\/wp\/v2\/pages\/2"}],"collection":[{"href":"https:\/\/agile.sk\/index.php?rest_route=\/wp\/v2\/pages"}],"about":[{"href":"https:\/\/agile.sk\/index.php?rest_route=\/wp\/v2\/types\/page"}],"author":[{"embeddable":true,"href":"https:\/\/agile.sk\/index.php?rest_route=\/wp\/v2\/users\/1"}],"replies":[{"embeddable":true,"href":"https:\/\/agile.sk\/index.php?rest_route=%2Fwp%2Fv2%2Fcomments&post=2"}],"version-history":[{"count":30,"href":"https:\/\/agile.sk\/index.php?rest_route=\/wp\/v2\/pages\/2\/revisions"}],"predecessor-version":[{"id":1155,"href":"https:\/\/agile.sk\/index.php?rest_route=\/wp\/v2\/pages\/2\/revisions\/1155"}],"wp:attachment":[{"href":"https:\/\/agile.sk\/index.php?rest_route=%2Fwp%2Fv2%2Fmedia&parent=2"}],"curies":[{"name":"wp","href":"https:\/\/api.w.org\/{rel}","templated":true}]}}