{"id":1114,"date":"2013-03-27T21:41:36","date_gmt":"2013-03-27T20:41:36","guid":{"rendered":"http:\/\/agile.sk\/?page_id=1114"},"modified":"2014-02-15T17:51:26","modified_gmt":"2014-02-15T16:51:26","slug":"treningy-na-slovensku","status":"publish","type":"page","link":"https:\/\/agile.sk\/?page_id=1114","title":{"rendered":"Tr\u00e9ningy na Slovensku"},"content":{"rendered":"<table border=\"0\">\n<tbody>\n<tr>\n<td style=\"text-align: center;\" width=\"100\">8.-9.<br \/>\nApr\u00edl<\/td>\n<td><\/td>\n<td width=\"600\">\n<h2>Z\u00e1klady Agile a Scrum prakticky<\/h2>\n<p>Du\u0161an Koc\u00farek a Barbora Moravcov\u00e1, ScrumDesk s.r.o., Bratislava<\/p>\n<p><a href=\"http:\/\/scrum.sk\/index.php\/trening-agile-scrum-2014q1\/\" target=\"_blank\">Viac o kurze a registr\u00e1cia<\/a><\/td>\n<\/tr>\n<tr>\n<td style=\"text-align: center;\" width=\"100\"><\/td>\n<td><\/td>\n<td width=\"600\"><\/td>\n<\/tr>\n<\/tbody>\n<\/table>\n\n<!-- Facebook Like Button v1.9.6 BEGIN [http:\/\/blog.bottomlessinc.com] -->\n<iframe src=\"http:\/\/www.facebook.com\/plugins\/like.php?href=https%3A%2F%2Fagile.sk%2F%3Fpage_id%3D1114&amp;layout=standard&amp;show_faces=false&amp;width=450&amp;action=like&amp;colorscheme=light\" scrolling=\"no\" frameborder=\"0\" allowTransparency=\"true\" style=\"border:none; overflow:hidden; width:450px; height: 30px; align: left; margin: 20px 0px 2px 0px\"><\/iframe>\n<!-- Facebook Like Button END -->\n","protected":false},"excerpt":{"rendered":"<p>8.-9. Apr\u00edl Z\u00e1klady Agile a Scrum prakticky Du\u0161an Koc\u00farek a Barbora Moravcov\u00e1, ScrumDesk s.r.o., Bratislava Viac o kurze a registr\u00e1cia<\/p>\n","protected":false},"author":2,"featured_media":0,"parent":1072,"menu_order":3,"comment_status":"open","ping_status":"closed","template":"","meta":{"footnotes":""},"_links":{"self":[{"href":"https:\/\/agile.sk\/index.php?rest_route=\/wp\/v2\/pages\/1114"}],"collection":[{"href":"https:\/\/agile.sk\/index.php?rest_route=\/wp\/v2\/pages"}],"about":[{"href":"https:\/\/agile.sk\/index.php?rest_route=\/wp\/v2\/types\/page"}],"author":[{"embeddable":true,"href":"https:\/\/agile.sk\/index.php?rest_route=\/wp\/v2\/users\/2"}],"replies":[{"embeddable":true,"href":"https:\/\/agile.sk\/index.php?rest_route=%2Fwp%2Fv2%2Fcomments&post=1114"}],"version-history":[{"count":10,"href":"https:\/\/agile.sk\/index.php?rest_route=\/wp\/v2\/pages\/1114\/revisions"}],"predecessor-version":[{"id":1120,"href":"https:\/\/agile.sk\/index.php?rest_route=\/wp\/v2\/pages\/1114\/revisions\/1120"}],"up":[{"embeddable":true,"href":"https:\/\/agile.sk\/index.php?rest_route=\/wp\/v2\/pages\/1072"}],"wp:attachment":[{"href":"https:\/\/agile.sk\/index.php?rest_route=%2Fwp%2Fv2%2Fmedia&parent=1114"}],"curies":[{"name":"wp","href":"https:\/\/api.w.org\/{rel}","templated":true}]}}